{"id":3121,"date":"2018-01-19T17:47:25","date_gmt":"2018-01-19T17:47:25","guid":{"rendered":"http:\/\/www.agile-training.eu\/cursos-de-idiomas\/"},"modified":"2018-03-12T18:52:36","modified_gmt":"2018-03-12T18:52:36","slug":"cursos-de-idiomas","status":"publish","type":"page","link":"https:\/\/www.ila.pt\/es\/cursos-de-idiomas\/","title":{"rendered":"Cursos de Idiomas"},"content":{"rendered":"<div class=\"fusion-fullwidth fullwidth-box fusion-builder-row-1 nonhundred-percent-fullwidth non-hundred-percent-height-scrolling\" style=\"background-color: rgba(250,249,248,0.6);background-position: center center;background-repeat: no-repeat;padding-top:2%;padding-right:0px;padding-bottom:2%;padding-left:0px;margin-bottom: 30px;margin-top: -90px;border-width: 0px 0px 0px 0px;border-color:#e7e4e2;border-style:solid;\" ><div class=\"fusion-builder-row fusion-row\"><div class=\"fusion-layout-column fusion_builder_column fusion-builder-column-0 fusion_builder_column_1_6 1_6 fusion-one-sixth fusion-column-first\" style=\"width:16.666666666667%;width:calc(16.666666666667% - ( ( 4% + 4% ) * 0.16666666666667 ) );margin-right: 4%;margin-top:10px;margin-bottom:10px;\"><div class=\"fusion-column-wrapper fusion-flex-column-wrapper-legacy\" style=\"background-position:left top;background-repeat:no-repeat;-webkit-background-size:cover;-moz-background-size:cover;-o-background-size:cover;background-size:cover;padding: 0px 0px 0px 0px;\"><div class=\"fusion-clearfix\"><\/div><\/div><\/div><div class=\"fusion-layout-column fusion_builder_column fusion-builder-column-1 fusion_builder_column_2_3 2_3 fusion-two-third\" style=\"width:66.666666666667%;width:calc(66.666666666667% - ( ( 4% + 4% ) * 0.66666666666667 ) );margin-right: 4%;margin-top:10px;margin-bottom:10px;\"><div class=\"fusion-column-wrapper fusion-flex-column-wrapper-legacy\" style=\"background-position:left top;background-repeat:no-repeat;-webkit-background-size:cover;-moz-background-size:cover;-o-background-size:cover;background-size:cover;padding: 0px 0px 0px 0px;\"><div class=\"fusion-text fusion-text-1\" style=\"transform:translate3d(0,0,0);\"><p>Aprender un idioma nuevo es un reto enriquecedor. Es un aprendizaje que necesita dedicaci\u00f3n y tiempo para alcanzar resultados satisfactorios.<\/p>\n<p>Un idioma que cada vez gana m\u00e1s popularidad es el portugu\u00e9s. Muchas empresas han descubierto Portugal\u00a0 como un lugar de expansi\u00f3n y crecimiento, por lo que este idioma se posiciona como imprescindible en el mundo empresarial.\u00a0La industria del turismo y los negocios se encuentra en auge, y las compa\u00f1\u00edas necesitan estar preparadas para estar a la altura.<\/p>\n<p>Ya seas principiante o experto, tenemos profesores cualificados y la experiencia necesaria para ayudarte a mejorar en poco tiempo.<\/p>\n<p>En\u00a0AGILE TRAINING tendr\u00e1s un progreso r\u00e1pido en tus metas relativas a los idiomas. Nuestros profesores son un equipo de profesionales cualificados, motivados y din\u00e1micos que usan diferentes materiales y t\u00e9cnicas para cubrir todas las dimensiones de una experiencia de aprendizaje eficiente: gram\u00e1tica, vocabulario, comprensi\u00f3n auditiva y lectora, redacci\u00f3n y conversaci\u00f3n.<\/p>\n<p>&nbsp;<\/p>\n<p>&nbsp;<\/p>\n<p>&nbsp;<\/p>\n<p>&nbsp;<\/p>\n<p>&nbsp;<\/p>\n<\/div><div class=\"fusion-clearfix\"><\/div><\/div><\/div><div class=\"fusion-layout-column fusion_builder_column fusion-builder-column-2 fusion_builder_column_1_6 1_6 fusion-one-sixth fusion-column-last\" style=\"width:16.666666666667%;width:calc(16.666666666667% - ( ( 4% + 4% ) * 0.16666666666667 ) );margin-top:10px;margin-bottom:10px;\"><div class=\"fusion-column-wrapper fusion-flex-column-wrapper-legacy\" style=\"background-position:left top;background-repeat:no-repeat;-webkit-background-size:cover;-moz-background-size:cover;-o-background-size:cover;background-size:cover;padding: 0px 0px 0px 0px;\"><div class=\"fusion-clearfix\"><\/div><\/div><\/div><\/div><\/div><div class=\"fusion-fullwidth fullwidth-box fusion-builder-row-2 nonhundred-percent-fullwidth non-hundred-percent-height-scrolling\" style=\"background-color: rgba(255,255,255,0);background-position: center center;background-repeat: no-repeat;padding-top:0px;padding-right:0px;padding-bottom:0px;padding-left:0px;margin-bottom: -90px;border-width: 0px 0px 0px 0px;border-color:#e7e4e2;border-style:solid;\" ><div class=\"fusion-builder-row fusion-row\"><div class=\"fusion-layout-column fusion_builder_column fusion-builder-column-3 fusion_builder_column_1_1 1_1 fusion-one-full fusion-column-first fusion-column-last\" style=\"margin-top:0px;margin-bottom:0px;\"><div class=\"fusion-column-wrapper fusion-flex-column-wrapper-legacy\" style=\"background-position:left top;background-repeat:no-repeat;-webkit-background-size:cover;-moz-background-size:cover;-o-background-size:cover;background-size:cover;padding: 0px 0px 0px 0px;\"><div class=\"fusion-text fusion-text-2\" style=\"transform:translate3d(0,0,0);\">\t\t<section class=\"shortcode-courses-grid\">\n\t\t\t<h1>NUESTROS CURSOS<\/h1>\n\t\t\t<div>\n\t\t\t            <a href=\"https:\/\/www.ila.pt\/es\/cursos\/ingles\/\">\n               <figure>\n                  <img src=\"https:\/\/www.ila.pt\/wp-content\/uploads\/2017\/11\/flag-eng.jpg\" \/>\n                  <h2>Ingl\u00e9s<\/h2>\n               <\/figure>\n            <\/a>\n\t\t\t            <a href=\"https:\/\/www.ila.pt\/es\/cursos\/frances\/\">\n               <figure>\n                  <img src=\"https:\/\/www.ila.pt\/wp-content\/uploads\/2017\/11\/flag-fr.jpg\" \/>\n                  <h2>Franc\u00e9s<\/h2>\n               <\/figure>\n            <\/a>\n\t\t\t            <a href=\"https:\/\/www.ila.pt\/es\/cursos\/espanol\/\">\n               <figure>\n                  <img src=\"https:\/\/www.ila.pt\/wp-content\/uploads\/2017\/11\/flag-esp.jpg\" \/>\n                  <h2>Espa\u00f1ol<\/h2>\n               <\/figure>\n            <\/a>\n\t\t\t            <a href=\"https:\/\/www.ila.pt\/es\/cursos\/portugues\/\">\n               <figure>\n                  <img src=\"https:\/\/www.ila.pt\/wp-content\/uploads\/2017\/11\/flag-pt.jpg\" \/>\n                  <h2>Portugu\u00e9s<\/h2>\n               <\/figure>\n            <\/a>\n\t\t\t            <a href=\"https:\/\/www.ila.pt\/es\/cursos\/aleman\/\">\n               <figure>\n                  <img src=\"https:\/\/www.ila.pt\/wp-content\/uploads\/2017\/11\/flag-germ.jpg\" \/>\n                  <h2>Alem\u00e1n<\/h2>\n               <\/figure>\n            <\/a>\n\t\t\t\t\t\t<\/div>\n\t\t\t\t\t\t<div id=\"clear\"><\/div>\n\t\t<\/section>\n\t\t<div id=\"clear\"><\/div>\n    \n<\/div><div class=\"fusion-clearfix\"><\/div><\/div><\/div><\/div><\/div>\n","protected":false},"excerpt":{"rendered":"Mucha te dir\u00e1 que el alem\u00e1n es muy dif\u00edcil de aprender y que es uno de los idiomas que m\u00e1s desaf\u00edo suponen. Y si bien eso pudo ser cierto hace un tiempo, las nuevas tecnolog\u00edas y enfoques revolucionarios para aprender idiomas\u00a0 permiten que cualquier persona pueda dominar cualquier idioma m\u00e1s r\u00e1pido que nunca. Nuestros cursos de alem\u00e1n te proporcionar\u00e1n\u00a0 los elementos [...]","protected":false},"author":14,"featured_media":0,"parent":0,"menu_order":2,"comment_status":"closed","ping_status":"closed","template":"100-width.php","meta":[],"yst_prominent_words":[],"_links":{"self":[{"href":"https:\/\/www.ila.pt\/es\/wp-json\/wp\/v2\/pages\/3121"}],"collection":[{"href":"https:\/\/www.ila.pt\/es\/wp-json\/wp\/v2\/pages"}],"about":[{"href":"https:\/\/www.ila.pt\/es\/wp-json\/wp\/v2\/types\/page"}],"author":[{"embeddable":true,"href":"https:\/\/www.ila.pt\/es\/wp-json\/wp\/v2\/users\/14"}],"replies":[{"embeddable":true,"href":"https:\/\/www.ila.pt\/es\/wp-json\/wp\/v2\/comments?post=3121"}],"version-history":[{"count":0,"href":"https:\/\/www.ila.pt\/es\/wp-json\/wp\/v2\/pages\/3121\/revisions"}],"wp:attachment":[{"href":"https:\/\/www.ila.pt\/es\/wp-json\/wp\/v2\/media?parent=3121"}],"wp:term":[{"taxonomy":"yst_prominent_words","embeddable":true,"href":"https:\/\/www.ila.pt\/es\/wp-json\/wp\/v2\/yst_prominent_words?post=3121"}],"curies":[{"name":"wp","href":"https:\/\/api.w.org\/{rel}","templated":true}]}}